{"id":3,"date":"2022-09-08T11:02:17","date_gmt":"2022-09-08T11:02:17","guid":{"rendered":"https:\/\/jre.domgrid.com\/?page_id=3"},"modified":"2022-12-28T16:50:59","modified_gmt":"2022-12-28T14:50:59","slug":"datenschutzbestimmungen","status":"publish","type":"page","link":"https:\/\/bulgaria-estate.com\/de\/privacy-policy\/","title":{"rendered":"Datenschutzbestimmungen"},"content":{"rendered":"<h3 class=\"wp-block-heading\">BITTE LESEN SIE DIESE GDPR-POLITIK SORGF\u00c4LTIG, BEVOR SIE DIE WEBSITE NUTZEN<\/h3>\n\n\n\n<h4 class=\"wp-block-heading\">Welche pers\u00f6nlichen Informationen \u00fcber Kunden sammelt BULGARIA-ESTATE und zu welchen Zwecken werden sie verwendet?<\/h4>\n\n\n\n<p>Die Informationen, die wir \u00fcber unsere Nutzer sammeln, helfen uns, unseren Service zu verbessern. Die Arten von Informationen, die wir sammeln, sind:<\/p>\n\n\n\n<ul class=\"wp-block-list\">\n<li>Die Informationen, die Sie uns geben:<br>Wir speichern alle Daten, die Sie uns zur Verf\u00fcgung stellen, sei es durch Eingabe auf unserer Website oder auf andere Weise. Sie haben die M\u00f6glichkeit, die \u00dcbermittlung bestimmter Daten abzulehnen, dann k\u00f6nnen Sie jedoch nicht alle Funktionen nutzen. Die Informationen, die Sie uns zur Verf\u00fcgung stellen, werden verwendet, um Ihre Bed\u00fcrfnisse zu erf\u00fcllen, unseren Service f\u00fcr Sie zu verbessern und unsere Kommunikation mit Ihnen zu verbessern.<\/li>\n\n\n\n<li>Automatische Informationen:<br>Wir erhalten verschiedene Arten von Informationen, wenn Sie mit uns interagieren. Wie viele andere Websites verwenden wir beispielsweise Cookies, damit wir bestimmte Arten von Informationen erhalten, wenn Ihr Webbrowser \u00fcber andere Websites auf eine BULGARIA-ESTAY-Website, Werbung oder andere im Namen einer BULGARIA-ESTAY-Website verwendete Inhalte zugreift.<\/li>\n\n\n\n<li>E-Mail-Kommunikation: <br>Um Ihnen besser helfen zu k\u00f6nnen, erhalten wir Informationen, wenn Sie eine im Namen einer BULGARIA-ESTATE-Website versandte E-Mail \u00f6ffnen. Jeder Nutzer erkl\u00e4rt sich ausdr\u00fccklich damit einverstanden, Werbebotschaften in seiner E-Mail zu erhalten. Wenn wir eine E-Mail versenden, \u00fcberpr\u00fcfen wir die Liste der Nutzer, die diese E-Mail erhalten werden. Am Ende jeder E-Mail-Nachricht befindet sich ein Link, \u00fcber den Sie den Erhalt dieser E-Mails ablehnen k\u00f6nnen.<\/li>\n<\/ul>\n\n\n\n<h4 class=\"wp-block-heading\">Wie lange wir Ihre personenbezogenen Daten aufbewahren<\/h4>\n\n\n\n<p>\"BULGARIA-ESTATE bewahrt Ihre personenbezogenen Daten so lange auf, wie es f\u00fcr die Erf\u00fcllung der von Ihnen festgelegten Aufgaben erforderlich ist, oder bis Sie Ihre Zustimmung zur\u00fcckziehen.<\/p>","protected":false},"excerpt":{"rendered":"<p>\u041c\u041e\u041b\u042f, \u0417\u0410\u041f\u041e\u0417\u041d\u0410\u0419\u0422\u0415 \u0421\u0415 \u0421 \u041d\u0410\u0421\u0422\u041e\u042f\u0429\u0410\u0422\u0410 \u041f\u041e\u041b\u0418\u0422\u0418\u041a\u0410 \u041f\u041e&nbsp;GDPR&nbsp;\u0412\u041d\u0418\u041c\u0410\u0422\u0415\u041b\u041d\u041e \u041f\u0420\u0415\u0414\u0418 \u0414\u0410 \u041f\u0420\u0418\u0421\u0422\u042a\u041f\u0418\u0422\u0415 \u041a\u042a\u041c \u0418\u0417\u041f\u041e\u041b\u0417\u0412\u0410\u041d\u0415 \u041d\u0410 \u0423\u0415\u0411\u0421\u0410\u0419\u0422\u0410 \u041a\u0430\u043a\u0432\u0430 \u043b\u0438\u0447\u043d\u0430 \u0438\u043d\u0444\u043e\u0440\u043c\u0430\u0446\u0438\u044f \u0437\u0430 \u043a\u043b\u0438\u0435\u043d\u0442\u0438\u0442\u0435 \u0441\u044a\u0431\u0438\u0440\u0430 \u201c\u0411\u042a\u041b\u0413\u0410\u0420\u0418\u042f-\u0415\u0421\u0422\u0415\u0419\u0422\u201d \u0438 \u043a\u0430\u043a\u0432\u0438 \u0441\u0430 \u0446\u0435\u043b\u0438\u0442\u0435, \u0437\u0430 \u043a\u043e\u0438\u0442\u043e \u044f \u0438\u0437\u043f\u043e\u043b\u0437\u0432\u0430? \u0418\u043d\u0444\u043e\u0440\u043c\u0430\u0446\u0438\u044f\u0442\u0430, \u043a\u043e\u044f\u0442\u043e \u0441\u044a\u0431\u0438\u0440\u0430\u043c\u0435 \u0437\u0430 \u043d\u0430\u0448\u0438\u0442\u0435 \u043f\u043e\u0442\u0440\u0435\u0431\u0438\u0442\u0435\u043b\u0438 \u043d\u0438 \u043f\u043e\u043c\u0430\u0433\u0430 \u0434\u0430 \u043f\u043e\u0434\u043e\u0431\u0440\u044f\u0432\u0430\u043c\u0435 \u043e\u0431\u0441\u043b\u0443\u0436\u0432\u0430\u043d\u0435\u0442\u043e. \u0422\u0438\u043f\u043e\u0432\u0435\u0442\u0435 \u0438\u043d\u0444\u043e\u0440\u043c\u0430\u0446\u0438\u044f, \u043a\u043e\u0438\u0442\u043e \u0441\u044a\u0431\u0438\u0440\u0430\u043c\u0435 \u0441\u0430 \u0441\u043b\u0435\u0434\u043d\u0438\u0442\u0435: \u0417\u0430 \u043a\u0430\u043a\u044a\u0432 \u0441\u0440\u043e\u043a \u0449\u0435 \u0441\u044a\u0445\u0440\u0430\u043d\u044f\u0432\u0430\u043c\u0435 \u0412\u0430\u0448\u0438\u0442\u0435 \u043b\u0438\u0447\u043d\u0438 \u0434\u0430\u043d\u043d\u0438 \u201c\u0411\u042a\u041b\u0413\u0410\u0420\u0418\u042f-\u0415\u0421\u0422\u0415\u0419\u0422\u201d [&hellip;]<\/p>\n","protected":false},"author":1,"featured_media":0,"parent":0,"menu_order":0,"comment_status":"closed","ping_status":"closed","template":"","meta":{"footnotes":""},"class_list":["post-3","page","type-page","status-publish","hentry"],"yoast_head":"<!-- This site is optimized with the Yoast SEO plugin v27.3 - https:\/\/yoast.com\/product\/yoast-seo-wordpress\/ -->\n<title>\u041f\u043e\u043b\u0438\u0442\u0438\u043a\u0430 \u043d\u0430 \u043f\u043e\u0432\u0435\u0440\u0438\u0442\u0435\u043b\u043d\u043e\u0441\u0442 &#187; Bulgaria-Estate.com<\/title>\n<meta name=\"robots\" content=\"index, follow, max-snippet:-1, max-image-preview:large, max-video-preview:-1\" \/>\n<link rel=\"canonical\" href=\"https:\/\/bulgaria-estate.com\/de\/datenschutzbestimmungen\/\" \/>\n<meta property=\"og:locale\" content=\"de_DE\" \/>\n<meta property=\"og:type\" content=\"article\" \/>\n<meta property=\"og:title\" content=\"\u041f\u043e\u043b\u0438\u0442\u0438\u043a\u0430 \u043d\u0430 \u043f\u043e\u0432\u0435\u0440\u0438\u0442\u0435\u043b\u043d\u043e\u0441\u0442 &#187; Bulgaria-Estate.com\" \/>\n<meta property=\"og:description\" content=\"\u041c\u041e\u041b\u042f, \u0417\u0410\u041f\u041e\u0417\u041d\u0410\u0419\u0422\u0415 \u0421\u0415 \u0421 \u041d\u0410\u0421\u0422\u041e\u042f\u0429\u0410\u0422\u0410 \u041f\u041e\u041b\u0418\u0422\u0418\u041a\u0410 \u041f\u041e&nbsp;GDPR&nbsp;\u0412\u041d\u0418\u041c\u0410\u0422\u0415\u041b\u041d\u041e \u041f\u0420\u0415\u0414\u0418 \u0414\u0410 \u041f\u0420\u0418\u0421\u0422\u042a\u041f\u0418\u0422\u0415 \u041a\u042a\u041c \u0418\u0417\u041f\u041e\u041b\u0417\u0412\u0410\u041d\u0415 \u041d\u0410 \u0423\u0415\u0411\u0421\u0410\u0419\u0422\u0410 \u041a\u0430\u043a\u0432\u0430 \u043b\u0438\u0447\u043d\u0430 \u0438\u043d\u0444\u043e\u0440\u043c\u0430\u0446\u0438\u044f \u0437\u0430 \u043a\u043b\u0438\u0435\u043d\u0442\u0438\u0442\u0435 \u0441\u044a\u0431\u0438\u0440\u0430 \u201c\u0411\u042a\u041b\u0413\u0410\u0420\u0418\u042f-\u0415\u0421\u0422\u0415\u0419\u0422\u201d \u0438 \u043a\u0430\u043a\u0432\u0438 \u0441\u0430 \u0446\u0435\u043b\u0438\u0442\u0435, \u0437\u0430 \u043a\u043e\u0438\u0442\u043e \u044f \u0438\u0437\u043f\u043e\u043b\u0437\u0432\u0430? \u0418\u043d\u0444\u043e\u0440\u043c\u0430\u0446\u0438\u044f\u0442\u0430, \u043a\u043e\u044f\u0442\u043e \u0441\u044a\u0431\u0438\u0440\u0430\u043c\u0435 \u0437\u0430 \u043d\u0430\u0448\u0438\u0442\u0435 \u043f\u043e\u0442\u0440\u0435\u0431\u0438\u0442\u0435\u043b\u0438 \u043d\u0438 \u043f\u043e\u043c\u0430\u0433\u0430 \u0434\u0430 \u043f\u043e\u0434\u043e\u0431\u0440\u044f\u0432\u0430\u043c\u0435 \u043e\u0431\u0441\u043b\u0443\u0436\u0432\u0430\u043d\u0435\u0442\u043e. \u0422\u0438\u043f\u043e\u0432\u0435\u0442\u0435 \u0438\u043d\u0444\u043e\u0440\u043c\u0430\u0446\u0438\u044f, \u043a\u043e\u0438\u0442\u043e \u0441\u044a\u0431\u0438\u0440\u0430\u043c\u0435 \u0441\u0430 \u0441\u043b\u0435\u0434\u043d\u0438\u0442\u0435: \u0417\u0430 \u043a\u0430\u043a\u044a\u0432 \u0441\u0440\u043e\u043a \u0449\u0435 \u0441\u044a\u0445\u0440\u0430\u043d\u044f\u0432\u0430\u043c\u0435 \u0412\u0430\u0448\u0438\u0442\u0435 \u043b\u0438\u0447\u043d\u0438 \u0434\u0430\u043d\u043d\u0438 \u201c\u0411\u042a\u041b\u0413\u0410\u0420\u0418\u042f-\u0415\u0421\u0422\u0415\u0419\u0422\u201d [&hellip;]\" \/>\n<meta property=\"og:url\" content=\"https:\/\/bulgaria-estate.com\/de\/datenschutzbestimmungen\/\" \/>\n<meta property=\"og:site_name\" content=\"Bulgaria-Estate.com\" \/>\n<meta property=\"article:publisher\" content=\"https:\/\/www.facebook.com\/jordanbulgariaestate\/\" \/>\n<meta property=\"article:modified_time\" content=\"2022-12-28T14:50:59+00:00\" \/>\n<meta property=\"og:image\" content=\"https:\/\/bulgaria-estate.com\/wp-content\/uploads\/2023\/02\/bulgaria-estate.jpg\" \/>\n\t<meta property=\"og:image:width\" content=\"1200\" \/>\n\t<meta property=\"og:image:height\" content=\"800\" \/>\n\t<meta property=\"og:image:type\" content=\"image\/jpeg\" \/>\n<meta name=\"twitter:card\" content=\"summary_large_image\" \/>\n<script type=\"application\/ld+json\" class=\"yoast-schema-graph\">{\"@context\":\"https:\\\/\\\/schema.org\",\"@graph\":[{\"@type\":\"WebPage\",\"@id\":\"https:\\\/\\\/bulgaria-estate.com\\\/privacy-policy\\\/\",\"url\":\"https:\\\/\\\/bulgaria-estate.com\\\/privacy-policy\\\/\",\"name\":\"\u041f\u043e\u043b\u0438\u0442\u0438\u043a\u0430 \u043d\u0430 \u043f\u043e\u0432\u0435\u0440\u0438\u0442\u0435\u043b\u043d\u043e\u0441\u0442 &#187; Bulgaria-Estate.com\",\"isPartOf\":{\"@id\":\"https:\\\/\\\/bulgaria-estate.com\\\/#website\"},\"datePublished\":\"2022-09-08T11:02:17+00:00\",\"dateModified\":\"2022-12-28T14:50:59+00:00\",\"breadcrumb\":{\"@id\":\"https:\\\/\\\/bulgaria-estate.com\\\/privacy-policy\\\/#breadcrumb\"},\"inLanguage\":\"de\",\"potentialAction\":[{\"@type\":\"ReadAction\",\"target\":[\"https:\\\/\\\/bulgaria-estate.com\\\/privacy-policy\\\/\"]}]},{\"@type\":\"BreadcrumbList\",\"@id\":\"https:\\\/\\\/bulgaria-estate.com\\\/privacy-policy\\\/#breadcrumb\",\"itemListElement\":[{\"@type\":\"ListItem\",\"position\":1,\"name\":\"\u041d\u0430\u0447\u0430\u043b\u043e\",\"item\":\"https:\\\/\\\/bulgaria-estate.com\\\/\"},{\"@type\":\"ListItem\",\"position\":2,\"name\":\"\u041f\u043e\u043b\u0438\u0442\u0438\u043a\u0430 \u043d\u0430 \u043f\u043e\u0432\u0435\u0440\u0438\u0442\u0435\u043b\u043d\u043e\u0441\u0442\"}]},{\"@type\":\"WebSite\",\"@id\":\"https:\\\/\\\/bulgaria-estate.com\\\/#website\",\"url\":\"https:\\\/\\\/bulgaria-estate.com\\\/\",\"name\":\"Bulgaria-Estate.com\",\"description\":\"\u041d\u0435\u0434\u0432\u0438\u0436\u0438\u043c\u0438 \u0438\u043c\u043e\u0442\u0438 \u0437\u0430 \u043f\u0440\u043e\u0434\u0430\u0436\u0431\u0430 \u0438 \u043f\u043e\u0434 \u043d\u0430\u0435\u043c \u0432\u044a\u0432 \u0412\u0430\u0440\u043d\u0430 \u0438 \u043e\u0431\u043b\u0430\u0441\u0442\u0442\u0430. \u041a\u0432\u0430\u0440\u0442\u0438\u0440\u0438, \u0430\u043f\u0430\u0440\u0442\u0430\u043c\u0435\u043d\u0442\u0438, \u043a\u044a\u0449\u0438, \u043e\u0444\u0438\u0441\u0438, \u043c\u0430\u0433\u0430\u0437\u0438\u043d\u0438, \u0437\u0430\u0432\u0435\u0434\u0435\u043d\u0438\u044f, \u0441\u0433\u0440\u0430\u0434\u0438, \u043d\u043e\u0432\u043e \u0441\u0442\u0440\u043e\u0438\u0442\u0435\u043b\u0441\u0442\u0432\u043e, \u0434\u0432\u0443\u0441\u0442\u0430\u0435\u043d, \u0442\u0440\u0438\u0441\u0442\u0430\u0435\u043d, \u043c\u043d\u043e\u0433\u043e\u0441\u0442\u0430\u0435\u043d, \u043f\u0430\u0440\u0446\u0435\u043b.\",\"publisher\":{\"@id\":\"https:\\\/\\\/bulgaria-estate.com\\\/#organization\"},\"potentialAction\":[{\"@type\":\"SearchAction\",\"target\":{\"@type\":\"EntryPoint\",\"urlTemplate\":\"https:\\\/\\\/bulgaria-estate.com\\\/?s={search_term_string}\"},\"query-input\":{\"@type\":\"PropertyValueSpecification\",\"valueRequired\":true,\"valueName\":\"search_term_string\"}}],\"inLanguage\":\"de\"},{\"@type\":\"Organization\",\"@id\":\"https:\\\/\\\/bulgaria-estate.com\\\/#organization\",\"name\":\"\u0414\u0416\u041e\u0420\u0414\u0410\u041d \u0411\u0418\u041b\u0414 \u0415\u041e\u041e\u0414\",\"url\":\"https:\\\/\\\/bulgaria-estate.com\\\/\",\"logo\":{\"@type\":\"ImageObject\",\"inLanguage\":\"de\",\"@id\":\"https:\\\/\\\/bulgaria-estate.com\\\/#\\\/schema\\\/logo\\\/image\\\/\",\"url\":\"https:\\\/\\\/bulgaria-estate.com\\\/wp-content\\\/uploads\\\/2023\\\/03\\\/facebooklogosquare-e1678743877229.png\",\"contentUrl\":\"https:\\\/\\\/bulgaria-estate.com\\\/wp-content\\\/uploads\\\/2023\\\/03\\\/facebooklogosquare-e1678743877229.png\",\"width\":362,\"height\":382,\"caption\":\"\u0414\u0416\u041e\u0420\u0414\u0410\u041d \u0411\u0418\u041b\u0414 \u0415\u041e\u041e\u0414\"},\"image\":{\"@id\":\"https:\\\/\\\/bulgaria-estate.com\\\/#\\\/schema\\\/logo\\\/image\\\/\"},\"sameAs\":[\"https:\\\/\\\/www.facebook.com\\\/jordanbulgariaestate\\\/\"]}]}<\/script>\n<!-- \/ Yoast SEO plugin. -->","yoast_head_json":{"title":"Datenschutzrichtlinie \" Bulgaria-Estate.com","robots":{"index":"index","follow":"follow","max-snippet":"max-snippet:-1","max-image-preview":"max-image-preview:large","max-video-preview":"max-video-preview:-1"},"canonical":"https:\/\/bulgaria-estate.com\/de\/datenschutzbestimmungen\/","og_locale":"de_DE","og_type":"article","og_title":"\u041f\u043e\u043b\u0438\u0442\u0438\u043a\u0430 \u043d\u0430 \u043f\u043e\u0432\u0435\u0440\u0438\u0442\u0435\u043b\u043d\u043e\u0441\u0442 &#187; Bulgaria-Estate.com","og_description":"\u041c\u041e\u041b\u042f, \u0417\u0410\u041f\u041e\u0417\u041d\u0410\u0419\u0422\u0415 \u0421\u0415 \u0421 \u041d\u0410\u0421\u0422\u041e\u042f\u0429\u0410\u0422\u0410 \u041f\u041e\u041b\u0418\u0422\u0418\u041a\u0410 \u041f\u041e&nbsp;GDPR&nbsp;\u0412\u041d\u0418\u041c\u0410\u0422\u0415\u041b\u041d\u041e \u041f\u0420\u0415\u0414\u0418 \u0414\u0410 \u041f\u0420\u0418\u0421\u0422\u042a\u041f\u0418\u0422\u0415 \u041a\u042a\u041c \u0418\u0417\u041f\u041e\u041b\u0417\u0412\u0410\u041d\u0415 \u041d\u0410 \u0423\u0415\u0411\u0421\u0410\u0419\u0422\u0410 \u041a\u0430\u043a\u0432\u0430 \u043b\u0438\u0447\u043d\u0430 \u0438\u043d\u0444\u043e\u0440\u043c\u0430\u0446\u0438\u044f \u0437\u0430 \u043a\u043b\u0438\u0435\u043d\u0442\u0438\u0442\u0435 \u0441\u044a\u0431\u0438\u0440\u0430 \u201c\u0411\u042a\u041b\u0413\u0410\u0420\u0418\u042f-\u0415\u0421\u0422\u0415\u0419\u0422\u201d \u0438 \u043a\u0430\u043a\u0432\u0438 \u0441\u0430 \u0446\u0435\u043b\u0438\u0442\u0435, \u0437\u0430 \u043a\u043e\u0438\u0442\u043e \u044f \u0438\u0437\u043f\u043e\u043b\u0437\u0432\u0430? \u0418\u043d\u0444\u043e\u0440\u043c\u0430\u0446\u0438\u044f\u0442\u0430, \u043a\u043e\u044f\u0442\u043e \u0441\u044a\u0431\u0438\u0440\u0430\u043c\u0435 \u0437\u0430 \u043d\u0430\u0448\u0438\u0442\u0435 \u043f\u043e\u0442\u0440\u0435\u0431\u0438\u0442\u0435\u043b\u0438 \u043d\u0438 \u043f\u043e\u043c\u0430\u0433\u0430 \u0434\u0430 \u043f\u043e\u0434\u043e\u0431\u0440\u044f\u0432\u0430\u043c\u0435 \u043e\u0431\u0441\u043b\u0443\u0436\u0432\u0430\u043d\u0435\u0442\u043e. \u0422\u0438\u043f\u043e\u0432\u0435\u0442\u0435 \u0438\u043d\u0444\u043e\u0440\u043c\u0430\u0446\u0438\u044f, \u043a\u043e\u0438\u0442\u043e \u0441\u044a\u0431\u0438\u0440\u0430\u043c\u0435 \u0441\u0430 \u0441\u043b\u0435\u0434\u043d\u0438\u0442\u0435: \u0417\u0430 \u043a\u0430\u043a\u044a\u0432 \u0441\u0440\u043e\u043a \u0449\u0435 \u0441\u044a\u0445\u0440\u0430\u043d\u044f\u0432\u0430\u043c\u0435 \u0412\u0430\u0448\u0438\u0442\u0435 \u043b\u0438\u0447\u043d\u0438 \u0434\u0430\u043d\u043d\u0438 \u201c\u0411\u042a\u041b\u0413\u0410\u0420\u0418\u042f-\u0415\u0421\u0422\u0415\u0419\u0422\u201d [&hellip;]","og_url":"https:\/\/bulgaria-estate.com\/de\/datenschutzbestimmungen\/","og_site_name":"Bulgaria-Estate.com","article_publisher":"https:\/\/www.facebook.com\/jordanbulgariaestate\/","article_modified_time":"2022-12-28T14:50:59+00:00","og_image":[{"width":1200,"height":800,"url":"https:\/\/bulgaria-estate.com\/wp-content\/uploads\/2023\/02\/bulgaria-estate.jpg","type":"image\/jpeg"}],"twitter_card":"summary_large_image","schema":{"@context":"https:\/\/schema.org","@graph":[{"@type":"WebPage","@id":"https:\/\/bulgaria-estate.com\/privacy-policy\/","url":"https:\/\/bulgaria-estate.com\/privacy-policy\/","name":"Datenschutzrichtlinie \" Bulgaria-Estate.com","isPartOf":{"@id":"https:\/\/bulgaria-estate.com\/#website"},"datePublished":"2022-09-08T11:02:17+00:00","dateModified":"2022-12-28T14:50:59+00:00","breadcrumb":{"@id":"https:\/\/bulgaria-estate.com\/privacy-policy\/#breadcrumb"},"inLanguage":"de","potentialAction":[{"@type":"ReadAction","target":["https:\/\/bulgaria-estate.com\/privacy-policy\/"]}]},{"@type":"BreadcrumbList","@id":"https:\/\/bulgaria-estate.com\/privacy-policy\/#breadcrumb","itemListElement":[{"@type":"ListItem","position":1,"name":"\u041d\u0430\u0447\u0430\u043b\u043e","item":"https:\/\/bulgaria-estate.com\/"},{"@type":"ListItem","position":2,"name":"\u041f\u043e\u043b\u0438\u0442\u0438\u043a\u0430 \u043d\u0430 \u043f\u043e\u0432\u0435\u0440\u0438\u0442\u0435\u043b\u043d\u043e\u0441\u0442"}]},{"@type":"WebSite","@id":"https:\/\/bulgaria-estate.com\/#website","url":"https:\/\/bulgaria-estate.com\/","name":"Bulgarien-Immobilien.de","description":"Immobilien zum Verkauf und zur Miete in Varna und der Region. Wohnungen, Appartements, H\u00e4user, B\u00fcros, Gesch\u00e4fte, Restaurants, Geb\u00e4ude, Neubauten, Einzimmer-, Zweizimmer-, Mehrzimmerwohnungen, Grundst\u00fccke.","publisher":{"@id":"https:\/\/bulgaria-estate.com\/#organization"},"potentialAction":[{"@type":"SearchAction","target":{"@type":"EntryPoint","urlTemplate":"https:\/\/bulgaria-estate.com\/?s={search_term_string}"},"query-input":{"@type":"PropertyValueSpecification","valueRequired":true,"valueName":"search_term_string"}}],"inLanguage":"de"},{"@type":"Organization","@id":"https:\/\/bulgaria-estate.com\/#organization","name":"JORDAN BILL LTD","url":"https:\/\/bulgaria-estate.com\/","logo":{"@type":"ImageObject","inLanguage":"de","@id":"https:\/\/bulgaria-estate.com\/#\/schema\/logo\/image\/","url":"https:\/\/bulgaria-estate.com\/wp-content\/uploads\/2023\/03\/facebooklogosquare-e1678743877229.png","contentUrl":"https:\/\/bulgaria-estate.com\/wp-content\/uploads\/2023\/03\/facebooklogosquare-e1678743877229.png","width":362,"height":382,"caption":"\u0414\u0416\u041e\u0420\u0414\u0410\u041d \u0411\u0418\u041b\u0414 \u0415\u041e\u041e\u0414"},"image":{"@id":"https:\/\/bulgaria-estate.com\/#\/schema\/logo\/image\/"},"sameAs":["https:\/\/www.facebook.com\/jordanbulgariaestate\/"]}]}},"_links":{"self":[{"href":"https:\/\/bulgaria-estate.com\/de\/wp-json\/wp\/v2\/pages\/3","targetHints":{"allow":["GET"]}}],"collection":[{"href":"https:\/\/bulgaria-estate.com\/de\/wp-json\/wp\/v2\/pages"}],"about":[{"href":"https:\/\/bulgaria-estate.com\/de\/wp-json\/wp\/v2\/types\/page"}],"author":[{"embeddable":true,"href":"https:\/\/bulgaria-estate.com\/de\/wp-json\/wp\/v2\/users\/1"}],"replies":[{"embeddable":true,"href":"https:\/\/bulgaria-estate.com\/de\/wp-json\/wp\/v2\/comments?post=3"}],"version-history":[{"count":2,"href":"https:\/\/bulgaria-estate.com\/de\/wp-json\/wp\/v2\/pages\/3\/revisions"}],"predecessor-version":[{"id":25109,"href":"https:\/\/bulgaria-estate.com\/de\/wp-json\/wp\/v2\/pages\/3\/revisions\/25109"}],"wp:attachment":[{"href":"https:\/\/bulgaria-estate.com\/de\/wp-json\/wp\/v2\/media?parent=3"}],"curies":[{"name":"wp","href":"https:\/\/api.w.org\/{rel}","templated":true}]}}