{"id":23541,"date":"2023-03-13T22:41:30","date_gmt":"2023-03-13T20:41:30","guid":{"rendered":"https:\/\/bulgaria-estate.com\/?page_id=23541"},"modified":"2024-01-15T23:22:17","modified_gmt":"2024-01-15T21:22:17","slug":"professionelles-schiesen","status":"publish","type":"page","link":"https:\/\/bulgaria-estate.com\/de\/professional-shooting\/","title":{"rendered":"Professionelle Verfilmung"},"content":{"rendered":"<div data-elementor-type=\"wp-page\" data-elementor-id=\"23541\" class=\"elementor elementor-23541\">\n\t\t\t\t\t\t<section class=\"elementor-section elementor-top-section elementor-element elementor-element-5e750a3 elementor-section-boxed elementor-section-height-default elementor-section-height-default\" data-id=\"5e750a3\" data-element_type=\"section\" data-e-type=\"section\">\n\t\t\t\t\t\t<div class=\"elementor-container elementor-column-gap-default\">\n\t\t\t\t\t<div class=\"elementor-column elementor-col-100 elementor-top-column elementor-element elementor-element-a0e8885\" data-id=\"a0e8885\" data-element_type=\"column\" data-e-type=\"column\">\n\t\t\t<div class=\"elementor-widget-wrap elementor-element-populated\">\n\t\t\t\t\t\t<div class=\"elementor-element elementor-element-c81c784 elementor-widget elementor-widget-spacer\" data-id=\"c81c784\" data-element_type=\"widget\" data-e-type=\"widget\" data-widget_type=\"spacer.default\">\n\t\t\t\t<div class=\"elementor-widget-container\">\n\t\t\t\t\t\t\t<div class=\"elementor-spacer\">\n\t\t\t<div class=\"elementor-spacer-inner\"><\/div>\n\t\t<\/div>\n\t\t\t\t\t\t<\/div>\n\t\t\t\t<\/div>\n\t\t\t\t<div class=\"elementor-element elementor-element-b1ddfdf elementor-widget elementor-widget-heading\" data-id=\"b1ddfdf\" data-element_type=\"widget\" data-e-type=\"widget\" data-widget_type=\"heading.default\">\n\t\t\t\t<div class=\"elementor-widget-container\">\n\t\t\t\t\t<h2 class=\"elementor-heading-title elementor-size-default\">So hebt sich Ihre Immobilie von anderen ab<\/h2>\t\t\t\t<\/div>\n\t\t\t\t<\/div>\n\t\t\t\t<div class=\"elementor-element elementor-element-736413e elementor-widget elementor-widget-spacer\" data-id=\"736413e\" data-element_type=\"widget\" data-e-type=\"widget\" data-widget_type=\"spacer.default\">\n\t\t\t\t<div class=\"elementor-widget-container\">\n\t\t\t\t\t\t\t<div class=\"elementor-spacer\">\n\t\t\t<div class=\"elementor-spacer-inner\"><\/div>\n\t\t<\/div>\n\t\t\t\t\t\t<\/div>\n\t\t\t\t<\/div>\n\t\t\t\t\t<\/div>\n\t\t<\/div>\n\t\t\t\t\t<\/div>\n\t\t<\/section>\n\t\t\t\t<section class=\"elementor-section elementor-top-section elementor-element elementor-element-9ca3293 elementor-section-boxed elementor-section-height-default elementor-section-height-default\" data-id=\"9ca3293\" data-element_type=\"section\" data-e-type=\"section\">\n\t\t\t\t\t\t<div class=\"elementor-container elementor-column-gap-default\">\n\t\t\t\t\t<div class=\"elementor-column elementor-col-100 elementor-top-column elementor-element elementor-element-5742092\" data-id=\"5742092\" data-element_type=\"column\" data-e-type=\"column\">\n\t\t\t<div class=\"elementor-widget-wrap elementor-element-populated\">\n\t\t\t\t\t\t<section class=\"elementor-section elementor-inner-section elementor-element elementor-element-1df43cc elementor-section-boxed elementor-section-height-default elementor-section-height-default\" data-id=\"1df43cc\" data-element_type=\"section\" data-e-type=\"section\">\n\t\t\t\t\t\t<div class=\"elementor-container elementor-column-gap-default\">\n\t\t\t\t\t<div class=\"elementor-column elementor-col-50 elementor-inner-column elementor-element elementor-element-8e16cf4\" data-id=\"8e16cf4\" data-element_type=\"column\" data-e-type=\"column\">\n\t\t\t<div class=\"elementor-widget-wrap elementor-element-populated\">\n\t\t\t\t\t\t<div class=\"elementor-element elementor-element-12f29f7 elementor-widget elementor-widget-heading\" data-id=\"12f29f7\" data-element_type=\"widget\" data-e-type=\"widget\" data-widget_type=\"heading.default\">\n\t\t\t\t<div class=\"elementor-widget-container\">\n\t\t\t\t\t<h2 class=\"elementor-heading-title elementor-size-default\">DRON<\/h2>\t\t\t\t<\/div>\n\t\t\t\t<\/div>\n\t\t\t\t<div class=\"elementor-element elementor-element-aa79fc3 elementor-widget elementor-widget-text-editor\" data-id=\"aa79fc3\" data-element_type=\"widget\" data-e-type=\"widget\" data-widget_type=\"text-editor.default\">\n\t\t\t\t<div class=\"elementor-widget-container\">\n\t\t\t\t\t\t\t\t\t<p>Wenn Sie Ihre Immobilie (Ihr Objekt) mit einer Drohne auf Video und Fotos festhalten, verbessert sich ihre Pr\u00e4sentation im Internet erheblich. Wir bieten unseren Kunden diesen zus\u00e4tzlichen Service an, da er es uns erm\u00f6glicht, \u00fcber den Markt auf dem Laufenden zu bleiben und Immobilien im besten Licht zu pr\u00e4sentieren. Wenn Sie Ihr Objekt fotografieren lassen m\u00f6chten, nehmen Sie bitte Kontakt mit uns auf.<\/p>\t\t\t\t\t\t\t\t<\/div>\n\t\t\t\t<\/div>\n\t\t\t\t<div class=\"elementor-element elementor-element-50f48a6 elementor-widget elementor-widget-video\" data-id=\"50f48a6\" data-element_type=\"widget\" data-e-type=\"widget\" data-settings=\"{&quot;youtube_url&quot;:&quot;https:\\\/\\\/youtu.be\\\/h_s3qLWPKck?si=YQJFrfW4IsufqgrN&quot;,&quot;autoplay&quot;:&quot;yes&quot;,&quot;play_on_mobile&quot;:&quot;yes&quot;,&quot;video_type&quot;:&quot;youtube&quot;,&quot;controls&quot;:&quot;yes&quot;}\" data-widget_type=\"video.default\">\n\t\t\t\t<div class=\"elementor-widget-container\">\n\t\t\t\t\t\t\t<div class=\"elementor-wrapper elementor-open-inline\">\n\t\t\t<div class=\"elementor-video\"><\/div>\t\t<\/div>\n\t\t\t\t\t\t<\/div>\n\t\t\t\t<\/div>\n\t\t\t\t\t<\/div>\n\t\t<\/div>\n\t\t\t\t<div class=\"elementor-column elementor-col-50 elementor-inner-column elementor-element elementor-element-7a6ed2e\" data-id=\"7a6ed2e\" data-element_type=\"column\" data-e-type=\"column\">\n\t\t\t<div class=\"elementor-widget-wrap elementor-element-populated\">\n\t\t\t\t\t\t<div class=\"elementor-element elementor-element-ed5565f elementor-widget elementor-widget-heading\" data-id=\"ed5565f\" data-element_type=\"widget\" data-e-type=\"widget\" data-widget_type=\"heading.default\">\n\t\t\t\t<div class=\"elementor-widget-container\">\n\t\t\t\t\t<h2 class=\"elementor-heading-title elementor-size-default\">360 WALK<\/h2>\t\t\t\t<\/div>\n\t\t\t\t<\/div>\n\t\t\t\t<div class=\"elementor-element elementor-element-dca6348 elementor-widget elementor-widget-text-editor\" data-id=\"dca6348\" data-element_type=\"widget\" data-e-type=\"widget\" data-widget_type=\"text-editor.default\">\n\t\t\t\t<div class=\"elementor-widget-container\">\n\t\t\t\t\t\t\t\t\t<p>Erm\u00f6glichen Sie es potenziellen Kunden, Ihre Immobilie durch die beeindruckende virtuelle Tour zu besichtigen, die unser Team f\u00fcr Sie erstellen kann. Dies spart Ihnen und Ihren Kunden Zeit, da sie sich einen optimalen \u00dcberblick \u00fcber die Raumaufteilung und die tats\u00e4chlichen Entfernungen verschaffen k\u00f6nnen. Wenn Sie Ihr Grundst\u00fcck fotografieren lassen m\u00f6chten, nehmen Sie bitte Kontakt mit uns auf.<\/p>\t\t\t\t\t\t\t\t<\/div>\n\t\t\t\t<\/div>\n\t\t\t\t<div class=\"elementor-element elementor-element-e3f43cd elementor-widget elementor-widget-html\" data-id=\"e3f43cd\" data-element_type=\"widget\" data-e-type=\"widget\" data-widget_type=\"html.default\">\n\t\t\t\t<div class=\"elementor-widget-container\">\n\t\t\t\t\t<iframe id=\"evrFrame\" width=\"100%\" height=\"640\" style=\"width: 100%; height: 340px; border: none; max-width: 100%;\"  allowvr=\"yes\" allow=\"xr-spatial-tracking;vr;gyroscope;accelerometer;fullscreen;\" scrolling=\"no\" allowfullscreen=\"true\"  frameborder=\"0\" src=\"https:\/\/webobook.com\/public\/635fda85704a075c824530c2,en?ap=true&si=false&sm=false&sp=false&sfr=true&sl=false&sop=false&\" ><\/iframe>\t\t\t\t<\/div>\n\t\t\t\t<\/div>\n\t\t\t\t\t<\/div>\n\t\t<\/div>\n\t\t\t\t\t<\/div>\n\t\t<\/section>\n\t\t\t\t<div class=\"elementor-element elementor-element-eec8d8b elementor-widget elementor-widget-spacer\" data-id=\"eec8d8b\" data-element_type=\"widget\" data-e-type=\"widget\" data-widget_type=\"spacer.default\">\n\t\t\t\t<div class=\"elementor-widget-container\">\n\t\t\t\t\t\t\t<div class=\"elementor-spacer\">\n\t\t\t<div class=\"elementor-spacer-inner\"><\/div>\n\t\t<\/div>\n\t\t\t\t\t\t<\/div>\n\t\t\t\t<\/div>\n\t\t\t\t<div class=\"elementor-element elementor-element-efb2e9d elementor-widget elementor-widget-heading\" data-id=\"efb2e9d\" data-element_type=\"widget\" data-e-type=\"widget\" data-widget_type=\"heading.default\">\n\t\t\t\t<div class=\"elementor-widget-container\">\n\t\t\t\t\t<h3 class=\"elementor-heading-title elementor-size-default\">Stellen Sie eine Anfrage f\u00fcr eine Besichtigung Ihrer Immobilie<\/h3>\t\t\t\t<\/div>\n\t\t\t\t<\/div>\n\t\t\t\t<div class=\"elementor-element elementor-element-f0fc44d elementor-align-center elementor-widget elementor-widget-button\" data-id=\"f0fc44d\" data-element_type=\"widget\" data-e-type=\"widget\" data-widget_type=\"button.default\">\n\t\t\t\t<div class=\"elementor-widget-container\">\n\t\t\t\t\t\t\t\t\t<div class=\"elementor-button-wrapper\">\n\t\t\t\t\t<a class=\"elementor-button elementor-button-link elementor-size-md\" href=\"tel:+359882466609\">\n\t\t\t\t\t\t<span class=\"elementor-button-content-wrapper\">\n\t\t\t\t\t\t\t\t\t<span class=\"elementor-button-text\">Klicken Sie hier um anzurufen<\/span>\n\t\t\t\t\t<\/span>\n\t\t\t\t\t<\/a>\n\t\t\t\t<\/div>\n\t\t\t\t\t\t\t\t<\/div>\n\t\t\t\t<\/div>\n\t\t\t\t<div class=\"elementor-element elementor-element-ae417bb elementor-widget elementor-widget-heading\" data-id=\"ae417bb\" data-element_type=\"widget\" data-e-type=\"widget\" data-widget_type=\"heading.default\">\n\t\t\t\t<div class=\"elementor-widget-container\">\n\t\t\t\t\t<h3 class=\"elementor-heading-title elementor-size-medium\">OR<\/h3>\t\t\t\t<\/div>\n\t\t\t\t<\/div>\n\t\t\t\t<div class=\"elementor-element elementor-element-8bf0947 elementor-widget elementor-widget-text-editor\" data-id=\"8bf0947\" data-element_type=\"widget\" data-e-type=\"widget\" data-widget_type=\"text-editor.default\">\n\t\t\t\t<div class=\"elementor-widget-container\">\n\t\t\t\t\t\t\t\t\t<h4 style=\"text-align: center;\">Mailen Sie uns: <a href=\"mailto:office@bulgaria-estate.com\">office@bulgaria-estate.com<\/a><\/h4>\t\t\t\t\t\t\t\t<\/div>\n\t\t\t\t<\/div>\n\t\t\t\t\t<\/div>\n\t\t<\/div>\n\t\t\t\t\t<\/div>\n\t\t<\/section>\n\t\t\t\t<\/div>","protected":false},"excerpt":{"rendered":"<p>\u041f\u043e\u043c\u043e\u0433\u043d\u0435\u0442\u0435 \u043d\u0430 \u0412\u0430\u0448\u0438\u044f \u0438\u043c\u043e\u0442 \u0434\u0430 \u0441\u0435 \u043e\u0442\u043b\u0438\u0447\u0438 \u043f\u0440\u0435\u0434 \u043e\u0441\u0442\u0430\u043d\u0430\u043b\u0438\u0442\u0435 \u0414\u0420\u041e\u041d \u0417\u0430\u0441\u043d\u0435\u043c\u0430\u043d\u0435\u0442\u043e \u043d\u0430 \u0412\u0430\u0448\u0438\u044f \u0438\u043c\u043e\u0442 (\u043e\u0431\u0435\u043a\u0442) \u0441 \u0434\u0440\u043e\u043d \u043d\u0430 \u0432\u0438\u0434\u0435\u043e \u0438 \u0441\u043d\u0438\u043c\u043a\u0438 \u0437\u043d\u0430\u0447\u0438\u0442\u0435\u043b\u043d\u043e \u043f\u043e\u0434\u043e\u0431\u0440\u044f\u0432\u0430 \u043f\u0440\u0435\u0434\u0441\u0442\u0430\u0432\u044f\u043d\u0435\u0442\u043e \u043c\u0443 \u0432 \u0438\u043d\u0442\u0435\u0440\u043d\u0435\u0442 \u043f\u0440\u043e\u0441\u0442\u0440\u0430\u043d\u0441\u0442\u0432\u043e\u0442\u043e. \u041d\u0438\u0435 \u043f\u0440\u0435\u0434\u043b\u0430\u0433\u0430\u043c\u0435 \u0442\u0430\u0437\u0438 \u0434\u043e\u043f\u044a\u043b\u043d\u0438\u0442\u0435\u043b\u043d\u0430 \u0443\u0441\u043b\u0443\u0433\u0430 \u043d\u0430 \u043d\u0430\u0448\u0438\u0442\u0435 \u043a\u043b\u0438\u0435\u043d\u0442\u0438 \u043a\u0430\u0442\u043e \u0442\u043e\u0432\u0430 \u043d\u0438 \u0434\u0430\u0432\u0430 \u0432\u044a\u0437\u043c\u043e\u0436\u043d\u043e\u0441\u0442 \u0434\u0430 \u0431\u044a\u0434\u0435\u043c \u0430\u043a\u0442\u0443\u0430\u043b\u043d\u0438 \u043d\u0430 \u043f\u0430\u0437\u0430\u0440\u0430 \u0438 \u0434\u0430 \u043f\u0440\u0435\u0434\u0441\u0442\u0430\u0432\u044f\u043c\u0435 \u0438\u043c\u043e\u0442\u0438\u0442\u0435 \u0432 \u043d\u0430\u0439-\u0434\u043e\u0431\u0440\u0430\u0442\u0430 \u0438\u043c \u0441\u0432\u0435\u0442\u043b\u0438\u043d\u0430. \u0412 [&hellip;]<\/p>\n","protected":false},"author":1,"featured_media":0,"parent":0,"menu_order":0,"comment_status":"closed","ping_status":"closed","template":"elementor_header_footer","meta":{"footnotes":""},"class_list":["post-23541","page","type-page","status-publish","hentry"],"yoast_head":"<!-- This site is optimized with the Yoast SEO plugin v27.4 - https:\/\/yoast.com\/product\/yoast-seo-wordpress\/ -->\n<title>\u041f\u0440\u043e\u0444\u0435\u0441\u0438\u043e\u043d\u0430\u043b\u043d\u043e \u0437\u0430\u0441\u043d\u0435\u043c\u0430\u043d\u0435 \u043d\u0430 \u0438\u043c\u043e\u0442\u0438 \u0441 \u0434\u0440\u043e\u043d, 3D \u043a\u0430\u043c\u0435\u0440\u0430 \u0438 \u043e\u0449\u0435 &#187; Bulgaria-Estate.com<\/title>\n<meta name=\"description\" content=\"\u041f\u0440\u043e\u0444\u0435\u0441\u0438\u043e\u043d\u0430\u043b\u043d\u043e \u0437\u0430\u0441\u043d\u0435\u043c\u0430\u043d\u0435 \u043d\u0430 \u0438\u043c\u043e\u0442\u0438. \u041c\u043e\u0436\u0435\u043c \u0434\u0430 \u043d\u0430\u043f\u0440\u0430\u0432\u0438\u043c \u043f\u0440\u043e\u0444\u0435\u0441\u0438\u043e\u043d\u0430\u043b\u043d\u0430 \u043f\u0440\u0435\u0437\u0435\u043d\u0442\u0430\u0446\u0438\u044f \u043d\u0430 \u0432\u0430\u0448\u0438\u044f\u0442 \u0438\u043c\u043e\u0442 \u0441 \u0432\u0438\u0434\u0435\u043e, \u0434\u0440\u043e\u043d, \u043a\u0430\u043c\u0435\u0440\u0430 \u0437\u0430 3D \u0442\u0443\u0440 \u043d\u0430 \u0434\u043e\u043c\u0430 \u0432\u0438.\" \/>\n<meta name=\"robots\" content=\"index, follow, max-snippet:-1, max-image-preview:large, max-video-preview:-1\" \/>\n<link rel=\"canonical\" href=\"https:\/\/bulgaria-estate.com\/de\/professionelles-schiesen\/\" \/>\n<meta property=\"og:locale\" content=\"de_DE\" \/>\n<meta property=\"og:type\" content=\"article\" \/>\n<meta property=\"og:title\" content=\"\u041f\u0440\u043e\u0444\u0435\u0441\u0438\u043e\u043d\u0430\u043b\u043d\u043e \u0437\u0430\u0441\u043d\u0435\u043c\u0430\u043d\u0435 \u043d\u0430 \u0438\u043c\u043e\u0442\u0438 \u0441 \u0434\u0440\u043e\u043d, 3D \u043a\u0430\u043c\u0435\u0440\u0430 \u0438 \u043e\u0449\u0435 &#187; Bulgaria-Estate.com\" \/>\n<meta property=\"og:description\" content=\"\u041f\u0440\u043e\u0444\u0435\u0441\u0438\u043e\u043d\u0430\u043b\u043d\u043e \u0437\u0430\u0441\u043d\u0435\u043c\u0430\u043d\u0435 \u043d\u0430 \u0438\u043c\u043e\u0442\u0438. \u041c\u043e\u0436\u0435\u043c \u0434\u0430 \u043d\u0430\u043f\u0440\u0430\u0432\u0438\u043c \u043f\u0440\u043e\u0444\u0435\u0441\u0438\u043e\u043d\u0430\u043b\u043d\u0430 \u043f\u0440\u0435\u0437\u0435\u043d\u0442\u0430\u0446\u0438\u044f \u043d\u0430 \u0432\u0430\u0448\u0438\u044f\u0442 \u0438\u043c\u043e\u0442 \u0441 \u0432\u0438\u0434\u0435\u043e, \u0434\u0440\u043e\u043d, \u043a\u0430\u043c\u0435\u0440\u0430 \u0437\u0430 3D \u0442\u0443\u0440 \u043d\u0430 \u0434\u043e\u043c\u0430 \u0432\u0438.\" \/>\n<meta property=\"og:url\" content=\"https:\/\/bulgaria-estate.com\/de\/professionelles-schiesen\/\" \/>\n<meta property=\"og:site_name\" content=\"Bulgaria-Estate.com\" \/>\n<meta property=\"article:publisher\" content=\"https:\/\/www.facebook.com\/jordanbulgariaestate\/\" \/>\n<meta property=\"article:modified_time\" content=\"2024-01-15T21:22:17+00:00\" \/>\n<meta property=\"og:image\" content=\"https:\/\/bulgaria-estate.com\/wp-content\/uploads\/2023\/02\/bulgaria-estate.jpg\" \/>\n\t<meta property=\"og:image:width\" content=\"1200\" \/>\n\t<meta property=\"og:image:height\" content=\"800\" \/>\n\t<meta property=\"og:image:type\" content=\"image\/jpeg\" \/>\n<meta name=\"twitter:card\" content=\"summary_large_image\" \/>\n<meta name=\"twitter:label1\" content=\"Gesch\u00e4tzte Lesezeit\" \/>\n\t<meta name=\"twitter:data1\" content=\"1\u00a0Minute\" \/>\n<script type=\"application\/ld+json\" class=\"yoast-schema-graph\">{\"@context\":\"https:\\\/\\\/schema.org\",\"@graph\":[{\"@type\":\"WebPage\",\"@id\":\"https:\\\/\\\/bulgaria-estate.com\\\/professional-shooting\\\/\",\"url\":\"https:\\\/\\\/bulgaria-estate.com\\\/professional-shooting\\\/\",\"name\":\"\u041f\u0440\u043e\u0444\u0435\u0441\u0438\u043e\u043d\u0430\u043b\u043d\u043e \u0437\u0430\u0441\u043d\u0435\u043c\u0430\u043d\u0435 \u043d\u0430 \u0438\u043c\u043e\u0442\u0438 \u0441 \u0434\u0440\u043e\u043d, 3D \u043a\u0430\u043c\u0435\u0440\u0430 \u0438 \u043e\u0449\u0435 &#187; Bulgaria-Estate.com\",\"isPartOf\":{\"@id\":\"https:\\\/\\\/bulgaria-estate.com\\\/#website\"},\"datePublished\":\"2023-03-13T20:41:30+00:00\",\"dateModified\":\"2024-01-15T21:22:17+00:00\",\"description\":\"\u041f\u0440\u043e\u0444\u0435\u0441\u0438\u043e\u043d\u0430\u043b\u043d\u043e \u0437\u0430\u0441\u043d\u0435\u043c\u0430\u043d\u0435 \u043d\u0430 \u0438\u043c\u043e\u0442\u0438. \u041c\u043e\u0436\u0435\u043c \u0434\u0430 \u043d\u0430\u043f\u0440\u0430\u0432\u0438\u043c \u043f\u0440\u043e\u0444\u0435\u0441\u0438\u043e\u043d\u0430\u043b\u043d\u0430 \u043f\u0440\u0435\u0437\u0435\u043d\u0442\u0430\u0446\u0438\u044f \u043d\u0430 \u0432\u0430\u0448\u0438\u044f\u0442 \u0438\u043c\u043e\u0442 \u0441 \u0432\u0438\u0434\u0435\u043e, \u0434\u0440\u043e\u043d, \u043a\u0430\u043c\u0435\u0440\u0430 \u0437\u0430 3D \u0442\u0443\u0440 \u043d\u0430 \u0434\u043e\u043c\u0430 \u0432\u0438.\",\"breadcrumb\":{\"@id\":\"https:\\\/\\\/bulgaria-estate.com\\\/professional-shooting\\\/#breadcrumb\"},\"inLanguage\":\"de\",\"potentialAction\":[{\"@type\":\"ReadAction\",\"target\":[\"https:\\\/\\\/bulgaria-estate.com\\\/professional-shooting\\\/\"]}]},{\"@type\":\"BreadcrumbList\",\"@id\":\"https:\\\/\\\/bulgaria-estate.com\\\/professional-shooting\\\/#breadcrumb\",\"itemListElement\":[{\"@type\":\"ListItem\",\"position\":1,\"name\":\"\u041d\u0430\u0447\u0430\u043b\u043e\",\"item\":\"https:\\\/\\\/bulgaria-estate.com\\\/\"},{\"@type\":\"ListItem\",\"position\":2,\"name\":\"\u041f\u0440\u043e\u0444\u0435\u0441\u0438\u043e\u043d\u0430\u043b\u043d\u043e \u0437\u0430\u0441\u043d\u0435\u043c\u0430\u043d\u0435\"}]},{\"@type\":\"WebSite\",\"@id\":\"https:\\\/\\\/bulgaria-estate.com\\\/#website\",\"url\":\"https:\\\/\\\/bulgaria-estate.com\\\/\",\"name\":\"Bulgaria-Estate.com\",\"description\":\"\u041d\u0435\u0434\u0432\u0438\u0436\u0438\u043c\u0438 \u0438\u043c\u043e\u0442\u0438 \u0437\u0430 \u043f\u0440\u043e\u0434\u0430\u0436\u0431\u0430 \u0438 \u043f\u043e\u0434 \u043d\u0430\u0435\u043c \u0432\u044a\u0432 \u0412\u0430\u0440\u043d\u0430 \u0438 \u043e\u0431\u043b\u0430\u0441\u0442\u0442\u0430. \u041a\u0432\u0430\u0440\u0442\u0438\u0440\u0438, \u0430\u043f\u0430\u0440\u0442\u0430\u043c\u0435\u043d\u0442\u0438, \u043a\u044a\u0449\u0438, \u043e\u0444\u0438\u0441\u0438, \u043c\u0430\u0433\u0430\u0437\u0438\u043d\u0438, \u0437\u0430\u0432\u0435\u0434\u0435\u043d\u0438\u044f, \u0441\u0433\u0440\u0430\u0434\u0438, \u043d\u043e\u0432\u043e \u0441\u0442\u0440\u043e\u0438\u0442\u0435\u043b\u0441\u0442\u0432\u043e, \u0434\u0432\u0443\u0441\u0442\u0430\u0435\u043d, \u0442\u0440\u0438\u0441\u0442\u0430\u0435\u043d, \u043c\u043d\u043e\u0433\u043e\u0441\u0442\u0430\u0435\u043d, \u043f\u0430\u0440\u0446\u0435\u043b.\",\"publisher\":{\"@id\":\"https:\\\/\\\/bulgaria-estate.com\\\/#organization\"},\"potentialAction\":[{\"@type\":\"SearchAction\",\"target\":{\"@type\":\"EntryPoint\",\"urlTemplate\":\"https:\\\/\\\/bulgaria-estate.com\\\/?s={search_term_string}\"},\"query-input\":{\"@type\":\"PropertyValueSpecification\",\"valueRequired\":true,\"valueName\":\"search_term_string\"}}],\"inLanguage\":\"de\"},{\"@type\":\"Organization\",\"@id\":\"https:\\\/\\\/bulgaria-estate.com\\\/#organization\",\"name\":\"\u0414\u0416\u041e\u0420\u0414\u0410\u041d \u0411\u0418\u041b\u0414 \u0415\u041e\u041e\u0414\",\"url\":\"https:\\\/\\\/bulgaria-estate.com\\\/\",\"logo\":{\"@type\":\"ImageObject\",\"inLanguage\":\"de\",\"@id\":\"https:\\\/\\\/bulgaria-estate.com\\\/#\\\/schema\\\/logo\\\/image\\\/\",\"url\":\"https:\\\/\\\/bulgaria-estate.com\\\/wp-content\\\/uploads\\\/2023\\\/03\\\/facebooklogosquare-e1678743877229.png\",\"contentUrl\":\"https:\\\/\\\/bulgaria-estate.com\\\/wp-content\\\/uploads\\\/2023\\\/03\\\/facebooklogosquare-e1678743877229.png\",\"width\":362,\"height\":382,\"caption\":\"\u0414\u0416\u041e\u0420\u0414\u0410\u041d \u0411\u0418\u041b\u0414 \u0415\u041e\u041e\u0414\"},\"image\":{\"@id\":\"https:\\\/\\\/bulgaria-estate.com\\\/#\\\/schema\\\/logo\\\/image\\\/\"},\"sameAs\":[\"https:\\\/\\\/www.facebook.com\\\/jordanbulgariaestate\\\/\"]}]}<\/script>\n<!-- \/ Yoast SEO plugin. -->","yoast_head_json":{"title":"Professionelle Immobilienfotografie mit Drohne, 3D-Kamera und mehr \" Bulgaria-Estate.com","description":"Professionelle Immobilienfotografie. Wir k\u00f6nnen eine professionelle Pr\u00e4sentation Ihrer Immobilie mit Video, Drohne, Kamera f\u00fcr eine 3D-Tour durch Ihr Haus zu tun.","robots":{"index":"index","follow":"follow","max-snippet":"max-snippet:-1","max-image-preview":"max-image-preview:large","max-video-preview":"max-video-preview:-1"},"canonical":"https:\/\/bulgaria-estate.com\/de\/professionelles-schiesen\/","og_locale":"de_DE","og_type":"article","og_title":"\u041f\u0440\u043e\u0444\u0435\u0441\u0438\u043e\u043d\u0430\u043b\u043d\u043e \u0437\u0430\u0441\u043d\u0435\u043c\u0430\u043d\u0435 \u043d\u0430 \u0438\u043c\u043e\u0442\u0438 \u0441 \u0434\u0440\u043e\u043d, 3D \u043a\u0430\u043c\u0435\u0440\u0430 \u0438 \u043e\u0449\u0435 &#187; Bulgaria-Estate.com","og_description":"\u041f\u0440\u043e\u0444\u0435\u0441\u0438\u043e\u043d\u0430\u043b\u043d\u043e \u0437\u0430\u0441\u043d\u0435\u043c\u0430\u043d\u0435 \u043d\u0430 \u0438\u043c\u043e\u0442\u0438. \u041c\u043e\u0436\u0435\u043c \u0434\u0430 \u043d\u0430\u043f\u0440\u0430\u0432\u0438\u043c \u043f\u0440\u043e\u0444\u0435\u0441\u0438\u043e\u043d\u0430\u043b\u043d\u0430 \u043f\u0440\u0435\u0437\u0435\u043d\u0442\u0430\u0446\u0438\u044f \u043d\u0430 \u0432\u0430\u0448\u0438\u044f\u0442 \u0438\u043c\u043e\u0442 \u0441 \u0432\u0438\u0434\u0435\u043e, \u0434\u0440\u043e\u043d, \u043a\u0430\u043c\u0435\u0440\u0430 \u0437\u0430 3D \u0442\u0443\u0440 \u043d\u0430 \u0434\u043e\u043c\u0430 \u0432\u0438.","og_url":"https:\/\/bulgaria-estate.com\/de\/professionelles-schiesen\/","og_site_name":"Bulgaria-Estate.com","article_publisher":"https:\/\/www.facebook.com\/jordanbulgariaestate\/","article_modified_time":"2024-01-15T21:22:17+00:00","og_image":[{"width":1200,"height":800,"url":"https:\/\/bulgaria-estate.com\/wp-content\/uploads\/2023\/02\/bulgaria-estate.jpg","type":"image\/jpeg"}],"twitter_card":"summary_large_image","twitter_misc":{"Gesch\u00e4tzte Lesezeit":"1\u00a0Minute"},"schema":{"@context":"https:\/\/schema.org","@graph":[{"@type":"WebPage","@id":"https:\/\/bulgaria-estate.com\/professional-shooting\/","url":"https:\/\/bulgaria-estate.com\/professional-shooting\/","name":"Professionelle Immobilienfotografie mit Drohne, 3D-Kamera und mehr \" Bulgaria-Estate.com","isPartOf":{"@id":"https:\/\/bulgaria-estate.com\/#website"},"datePublished":"2023-03-13T20:41:30+00:00","dateModified":"2024-01-15T21:22:17+00:00","description":"Professionelle Immobilienfotografie. Wir k\u00f6nnen eine professionelle Pr\u00e4sentation Ihrer Immobilie mit Video, Drohne, Kamera f\u00fcr eine 3D-Tour durch Ihr Haus zu tun.","breadcrumb":{"@id":"https:\/\/bulgaria-estate.com\/professional-shooting\/#breadcrumb"},"inLanguage":"de","potentialAction":[{"@type":"ReadAction","target":["https:\/\/bulgaria-estate.com\/professional-shooting\/"]}]},{"@type":"BreadcrumbList","@id":"https:\/\/bulgaria-estate.com\/professional-shooting\/#breadcrumb","itemListElement":[{"@type":"ListItem","position":1,"name":"\u041d\u0430\u0447\u0430\u043b\u043e","item":"https:\/\/bulgaria-estate.com\/"},{"@type":"ListItem","position":2,"name":"\u041f\u0440\u043e\u0444\u0435\u0441\u0438\u043e\u043d\u0430\u043b\u043d\u043e \u0437\u0430\u0441\u043d\u0435\u043c\u0430\u043d\u0435"}]},{"@type":"WebSite","@id":"https:\/\/bulgaria-estate.com\/#website","url":"https:\/\/bulgaria-estate.com\/","name":"Bulgarien-Immobilien.de","description":"Immobilien zum Verkauf und zur Miete in Varna und der Region. Wohnungen, Appartements, H\u00e4user, B\u00fcros, Gesch\u00e4fte, Restaurants, Geb\u00e4ude, Neubauten, Einzimmer-, Zweizimmer-, Mehrzimmerwohnungen, Grundst\u00fccke.","publisher":{"@id":"https:\/\/bulgaria-estate.com\/#organization"},"potentialAction":[{"@type":"SearchAction","target":{"@type":"EntryPoint","urlTemplate":"https:\/\/bulgaria-estate.com\/?s={search_term_string}"},"query-input":{"@type":"PropertyValueSpecification","valueRequired":true,"valueName":"search_term_string"}}],"inLanguage":"de"},{"@type":"Organization","@id":"https:\/\/bulgaria-estate.com\/#organization","name":"JORDAN BILL LTD","url":"https:\/\/bulgaria-estate.com\/","logo":{"@type":"ImageObject","inLanguage":"de","@id":"https:\/\/bulgaria-estate.com\/#\/schema\/logo\/image\/","url":"https:\/\/bulgaria-estate.com\/wp-content\/uploads\/2023\/03\/facebooklogosquare-e1678743877229.png","contentUrl":"https:\/\/bulgaria-estate.com\/wp-content\/uploads\/2023\/03\/facebooklogosquare-e1678743877229.png","width":362,"height":382,"caption":"\u0414\u0416\u041e\u0420\u0414\u0410\u041d \u0411\u0418\u041b\u0414 \u0415\u041e\u041e\u0414"},"image":{"@id":"https:\/\/bulgaria-estate.com\/#\/schema\/logo\/image\/"},"sameAs":["https:\/\/www.facebook.com\/jordanbulgariaestate\/"]}]}},"_links":{"self":[{"href":"https:\/\/bulgaria-estate.com\/de\/wp-json\/wp\/v2\/pages\/23541","targetHints":{"allow":["GET"]}}],"collection":[{"href":"https:\/\/bulgaria-estate.com\/de\/wp-json\/wp\/v2\/pages"}],"about":[{"href":"https:\/\/bulgaria-estate.com\/de\/wp-json\/wp\/v2\/types\/page"}],"author":[{"embeddable":true,"href":"https:\/\/bulgaria-estate.com\/de\/wp-json\/wp\/v2\/users\/1"}],"replies":[{"embeddable":true,"href":"https:\/\/bulgaria-estate.com\/de\/wp-json\/wp\/v2\/comments?post=23541"}],"version-history":[{"count":44,"href":"https:\/\/bulgaria-estate.com\/de\/wp-json\/wp\/v2\/pages\/23541\/revisions"}],"predecessor-version":[{"id":38120,"href":"https:\/\/bulgaria-estate.com\/de\/wp-json\/wp\/v2\/pages\/23541\/revisions\/38120"}],"wp:attachment":[{"href":"https:\/\/bulgaria-estate.com\/de\/wp-json\/wp\/v2\/media?parent=23541"}],"curies":[{"name":"wp","href":"https:\/\/api.w.org\/{rel}","templated":true}]}}