{"id":192,"date":"2016-02-15T22:43:13","date_gmt":"2016-02-15T20:43:13","guid":{"rendered":"https:\/\/sandbox.favethemes.com\/houzez\/?page_id=192"},"modified":"2025-07-24T14:39:30","modified_gmt":"2025-07-24T11:39:30","slug":"agenten","status":"publish","type":"page","link":"https:\/\/bulgaria-estate.com\/de\/agents\/","title":{"rendered":"Agenten"},"content":{"rendered":"<div data-elementor-type=\"wp-page\" data-elementor-id=\"192\" class=\"elementor elementor-192\">\n\t\t\t\t\t\t<section class=\"elementor-section elementor-top-section elementor-element elementor-element-f21d939 elementor-section-boxed elementor-section-height-default elementor-section-height-default\" data-id=\"f21d939\" data-element_type=\"section\" data-e-type=\"section\">\n\t\t\t\t\t\t<div class=\"elementor-container elementor-column-gap-default\">\n\t\t\t\t\t<div class=\"elementor-column elementor-col-100 elementor-top-column elementor-element elementor-element-51bc83e\" data-id=\"51bc83e\" data-element_type=\"column\" data-e-type=\"column\">\n\t\t\t<div class=\"elementor-widget-wrap elementor-element-populated\">\n\t\t\t\t\t\t<div class=\"elementor-element elementor-element-869b7f8 elementor-widget elementor-widget-text-editor\" data-id=\"869b7f8\" data-element_type=\"widget\" data-e-type=\"widget\" data-widget_type=\"text-editor.default\">\n\t\t\t\t<div class=\"elementor-widget-container\">\n\t\t\t\t\t\t\t\t\t<p><b>Professionelle Immobilienmakler - Verk\u00e4ufe, Vermietungen, Beratungen. Vertrauen Sie unserem Team!<\/b><\/p>\t\t\t\t\t\t\t\t<\/div>\n\t\t\t\t<\/div>\n\t\t\t\t<div class=\"elementor-element elementor-element-fb0f30b elementor-widget elementor-widget-text-editor\" data-id=\"fb0f30b\" data-element_type=\"widget\" data-e-type=\"widget\" data-widget_type=\"text-editor.default\">\n\t\t\t\t<div class=\"elementor-widget-container\">\n\t\t\t\t\t\t\t\t\t<p><em>Sie k\u00f6nnen das Profil des Agenten ausw\u00e4hlen, den Sie kontaktieren m\u00f6chten, oder alle seine Angebote einsehen<\/em><\/p>\t\t\t\t\t\t\t\t<\/div>\n\t\t\t\t<\/div>\n\t\t\t\t\t<\/div>\n\t\t<\/div>\n\t\t\t\t\t<\/div>\n\t\t<\/section>\n\t\t\t\t<\/div>","protected":false},"excerpt":{"rendered":"<p>Professionelle Immobilienmakler - Verk\u00e4ufe, Vermietungen, Beratungen. Vertrauen Sie unserem Team! Sie k\u00f6nnen das Profil des Maklers ausw\u00e4hlen, den Sie kontaktieren m\u00f6chten, oder alle seine Angebote einsehen<\/p>","protected":false},"author":1,"featured_media":0,"parent":0,"menu_order":0,"comment_status":"closed","ping_status":"closed","template":"template\/template-agents.php","meta":{"footnotes":""},"class_list":["post-192","page","type-page","status-publish","hentry"],"yoast_head":"<!-- This site is optimized with the Yoast SEO plugin v27.3 - https:\/\/yoast.com\/product\/yoast-seo-wordpress\/ -->\n<title>\u0410\u0433\u0435\u043d\u0442\u0438 &#187; Bulgaria-Estate.com<\/title>\n<meta name=\"description\" content=\"\u041f\u0440\u043e\u0444\u0435\u0441\u0438\u043e\u043d\u0430\u043b\u043d\u0438 \u0431\u0440\u043e\u043a\u0435\u0440\u0438 \u043d\u0430 \u043d\u0435\u0434\u0432\u0438\u0436\u0438\u043c\u0438 \u0438\u043c\u043e\u0442\u0438. \u041c\u043e\u0436\u0435\u0442\u0435 \u0434\u0430 \u0438\u0437\u0431\u0435\u0440\u0435\u0442\u0435 \u0434\u043e\u0432\u0435\u0440\u0435\u043d \u0430\u0433\u0435\u043d\u0442, \u043a\u043e\u0439\u0442\u043e \u0434\u0430 \u043e\u0440\u0433\u0430\u043d\u0438\u0437\u0438\u0440\u0430 \u0438 \u0434\u043e\u0433\u043e\u0432\u043e\u0440\u0438 \u043d\u0430\u0439-\u043f\u0435\u0447\u0435\u043b\u0438\u0432\u0448\u0430\u0442\u0430 \u0441\u0434\u0435\u043b\u043a\u0430 \u0437\u0430 \u0432\u0430\u0441.\" \/>\n<meta name=\"robots\" content=\"index, follow, max-snippet:-1, max-image-preview:large, max-video-preview:-1\" \/>\n<link rel=\"canonical\" href=\"https:\/\/bulgaria-estate.com\/de\/agenten\/\" \/>\n<meta property=\"og:locale\" content=\"de_DE\" \/>\n<meta property=\"og:type\" content=\"article\" \/>\n<meta property=\"og:title\" content=\"\u0410\u0433\u0435\u043d\u0442\u0438 &#187; Bulgaria-Estate.com\" \/>\n<meta property=\"og:description\" content=\"\u041f\u0440\u043e\u0444\u0435\u0441\u0438\u043e\u043d\u0430\u043b\u043d\u0438 \u0431\u0440\u043e\u043a\u0435\u0440\u0438 \u043d\u0430 \u043d\u0435\u0434\u0432\u0438\u0436\u0438\u043c\u0438 \u0438\u043c\u043e\u0442\u0438. \u041c\u043e\u0436\u0435\u0442\u0435 \u0434\u0430 \u0438\u0437\u0431\u0435\u0440\u0435\u0442\u0435 \u0434\u043e\u0432\u0435\u0440\u0435\u043d \u0430\u0433\u0435\u043d\u0442, \u043a\u043e\u0439\u0442\u043e \u0434\u0430 \u043e\u0440\u0433\u0430\u043d\u0438\u0437\u0438\u0440\u0430 \u0438 \u0434\u043e\u0433\u043e\u0432\u043e\u0440\u0438 \u043d\u0430\u0439-\u043f\u0435\u0447\u0435\u043b\u0438\u0432\u0448\u0430\u0442\u0430 \u0441\u0434\u0435\u043b\u043a\u0430 \u0437\u0430 \u0432\u0430\u0441.\" \/>\n<meta property=\"og:url\" content=\"https:\/\/bulgaria-estate.com\/de\/agenten\/\" \/>\n<meta property=\"og:site_name\" content=\"Bulgaria-Estate.com\" \/>\n<meta property=\"article:publisher\" content=\"https:\/\/www.facebook.com\/jordanbulgariaestate\/\" \/>\n<meta property=\"article:modified_time\" content=\"2025-07-24T11:39:30+00:00\" \/>\n<meta property=\"og:image\" content=\"https:\/\/bulgaria-estate.com\/wp-content\/uploads\/2023\/02\/bulgaria-estate.jpg\" \/>\n\t<meta property=\"og:image:width\" content=\"1200\" \/>\n\t<meta property=\"og:image:height\" content=\"800\" \/>\n\t<meta property=\"og:image:type\" content=\"image\/jpeg\" \/>\n<meta name=\"twitter:card\" content=\"summary_large_image\" \/>\n<meta name=\"twitter:label1\" content=\"Gesch\u00e4tzte Lesezeit\" \/>\n\t<meta name=\"twitter:data1\" content=\"1\u00a0Minute\" \/>\n<script type=\"application\/ld+json\" class=\"yoast-schema-graph\">{\"@context\":\"https:\\\/\\\/schema.org\",\"@graph\":[{\"@type\":\"WebPage\",\"@id\":\"https:\\\/\\\/bulgaria-estate.com\\\/agents\\\/\",\"url\":\"https:\\\/\\\/bulgaria-estate.com\\\/agents\\\/\",\"name\":\"\u0410\u0433\u0435\u043d\u0442\u0438 &#187; Bulgaria-Estate.com\",\"isPartOf\":{\"@id\":\"https:\\\/\\\/bulgaria-estate.com\\\/#website\"},\"datePublished\":\"2016-02-15T20:43:13+00:00\",\"dateModified\":\"2025-07-24T11:39:30+00:00\",\"description\":\"\u041f\u0440\u043e\u0444\u0435\u0441\u0438\u043e\u043d\u0430\u043b\u043d\u0438 \u0431\u0440\u043e\u043a\u0435\u0440\u0438 \u043d\u0430 \u043d\u0435\u0434\u0432\u0438\u0436\u0438\u043c\u0438 \u0438\u043c\u043e\u0442\u0438. \u041c\u043e\u0436\u0435\u0442\u0435 \u0434\u0430 \u0438\u0437\u0431\u0435\u0440\u0435\u0442\u0435 \u0434\u043e\u0432\u0435\u0440\u0435\u043d \u0430\u0433\u0435\u043d\u0442, \u043a\u043e\u0439\u0442\u043e \u0434\u0430 \u043e\u0440\u0433\u0430\u043d\u0438\u0437\u0438\u0440\u0430 \u0438 \u0434\u043e\u0433\u043e\u0432\u043e\u0440\u0438 \u043d\u0430\u0439-\u043f\u0435\u0447\u0435\u043b\u0438\u0432\u0448\u0430\u0442\u0430 \u0441\u0434\u0435\u043b\u043a\u0430 \u0437\u0430 \u0432\u0430\u0441.\",\"breadcrumb\":{\"@id\":\"https:\\\/\\\/bulgaria-estate.com\\\/agents\\\/#breadcrumb\"},\"inLanguage\":\"de\",\"potentialAction\":[{\"@type\":\"ReadAction\",\"target\":[\"https:\\\/\\\/bulgaria-estate.com\\\/agents\\\/\"]}]},{\"@type\":\"BreadcrumbList\",\"@id\":\"https:\\\/\\\/bulgaria-estate.com\\\/agents\\\/#breadcrumb\",\"itemListElement\":[{\"@type\":\"ListItem\",\"position\":1,\"name\":\"\u041d\u0430\u0447\u0430\u043b\u043e\",\"item\":\"https:\\\/\\\/bulgaria-estate.com\\\/\"},{\"@type\":\"ListItem\",\"position\":2,\"name\":\"\u0410\u0433\u0435\u043d\u0442\u0438\"}]},{\"@type\":\"WebSite\",\"@id\":\"https:\\\/\\\/bulgaria-estate.com\\\/#website\",\"url\":\"https:\\\/\\\/bulgaria-estate.com\\\/\",\"name\":\"Bulgaria-Estate.com\",\"description\":\"\u041d\u0435\u0434\u0432\u0438\u0436\u0438\u043c\u0438 \u0438\u043c\u043e\u0442\u0438 \u0437\u0430 \u043f\u0440\u043e\u0434\u0430\u0436\u0431\u0430 \u0438 \u043f\u043e\u0434 \u043d\u0430\u0435\u043c \u0432\u044a\u0432 \u0412\u0430\u0440\u043d\u0430 \u0438 \u043e\u0431\u043b\u0430\u0441\u0442\u0442\u0430. \u041a\u0432\u0430\u0440\u0442\u0438\u0440\u0438, \u0430\u043f\u0430\u0440\u0442\u0430\u043c\u0435\u043d\u0442\u0438, \u043a\u044a\u0449\u0438, \u043e\u0444\u0438\u0441\u0438, \u043c\u0430\u0433\u0430\u0437\u0438\u043d\u0438, \u0437\u0430\u0432\u0435\u0434\u0435\u043d\u0438\u044f, \u0441\u0433\u0440\u0430\u0434\u0438, \u043d\u043e\u0432\u043e \u0441\u0442\u0440\u043e\u0438\u0442\u0435\u043b\u0441\u0442\u0432\u043e, \u0434\u0432\u0443\u0441\u0442\u0430\u0435\u043d, \u0442\u0440\u0438\u0441\u0442\u0430\u0435\u043d, \u043c\u043d\u043e\u0433\u043e\u0441\u0442\u0430\u0435\u043d, \u043f\u0430\u0440\u0446\u0435\u043b.\",\"publisher\":{\"@id\":\"https:\\\/\\\/bulgaria-estate.com\\\/#organization\"},\"potentialAction\":[{\"@type\":\"SearchAction\",\"target\":{\"@type\":\"EntryPoint\",\"urlTemplate\":\"https:\\\/\\\/bulgaria-estate.com\\\/?s={search_term_string}\"},\"query-input\":{\"@type\":\"PropertyValueSpecification\",\"valueRequired\":true,\"valueName\":\"search_term_string\"}}],\"inLanguage\":\"de\"},{\"@type\":\"Organization\",\"@id\":\"https:\\\/\\\/bulgaria-estate.com\\\/#organization\",\"name\":\"\u0414\u0416\u041e\u0420\u0414\u0410\u041d \u0411\u0418\u041b\u0414 \u0415\u041e\u041e\u0414\",\"url\":\"https:\\\/\\\/bulgaria-estate.com\\\/\",\"logo\":{\"@type\":\"ImageObject\",\"inLanguage\":\"de\",\"@id\":\"https:\\\/\\\/bulgaria-estate.com\\\/#\\\/schema\\\/logo\\\/image\\\/\",\"url\":\"https:\\\/\\\/bulgaria-estate.com\\\/wp-content\\\/uploads\\\/2023\\\/03\\\/facebooklogosquare-e1678743877229.png\",\"contentUrl\":\"https:\\\/\\\/bulgaria-estate.com\\\/wp-content\\\/uploads\\\/2023\\\/03\\\/facebooklogosquare-e1678743877229.png\",\"width\":362,\"height\":382,\"caption\":\"\u0414\u0416\u041e\u0420\u0414\u0410\u041d \u0411\u0418\u041b\u0414 \u0415\u041e\u041e\u0414\"},\"image\":{\"@id\":\"https:\\\/\\\/bulgaria-estate.com\\\/#\\\/schema\\\/logo\\\/image\\\/\"},\"sameAs\":[\"https:\\\/\\\/www.facebook.com\\\/jordanbulgariaestate\\\/\"]}]}<\/script>\n<!-- \/ Yoast SEO plugin. -->","yoast_head_json":{"title":"Makler \" Bulgaria-Estate.com","description":"Professionelle Immobilienmakler. Sie k\u00f6nnen einen vertrauensw\u00fcrdigen Makler w\u00e4hlen, der f\u00fcr Sie das profitabelste Gesch\u00e4ft arrangiert und aushandelt.","robots":{"index":"index","follow":"follow","max-snippet":"max-snippet:-1","max-image-preview":"max-image-preview:large","max-video-preview":"max-video-preview:-1"},"canonical":"https:\/\/bulgaria-estate.com\/de\/agenten\/","og_locale":"de_DE","og_type":"article","og_title":"\u0410\u0433\u0435\u043d\u0442\u0438 &#187; Bulgaria-Estate.com","og_description":"\u041f\u0440\u043e\u0444\u0435\u0441\u0438\u043e\u043d\u0430\u043b\u043d\u0438 \u0431\u0440\u043e\u043a\u0435\u0440\u0438 \u043d\u0430 \u043d\u0435\u0434\u0432\u0438\u0436\u0438\u043c\u0438 \u0438\u043c\u043e\u0442\u0438. \u041c\u043e\u0436\u0435\u0442\u0435 \u0434\u0430 \u0438\u0437\u0431\u0435\u0440\u0435\u0442\u0435 \u0434\u043e\u0432\u0435\u0440\u0435\u043d \u0430\u0433\u0435\u043d\u0442, \u043a\u043e\u0439\u0442\u043e \u0434\u0430 \u043e\u0440\u0433\u0430\u043d\u0438\u0437\u0438\u0440\u0430 \u0438 \u0434\u043e\u0433\u043e\u0432\u043e\u0440\u0438 \u043d\u0430\u0439-\u043f\u0435\u0447\u0435\u043b\u0438\u0432\u0448\u0430\u0442\u0430 \u0441\u0434\u0435\u043b\u043a\u0430 \u0437\u0430 \u0432\u0430\u0441.","og_url":"https:\/\/bulgaria-estate.com\/de\/agenten\/","og_site_name":"Bulgaria-Estate.com","article_publisher":"https:\/\/www.facebook.com\/jordanbulgariaestate\/","article_modified_time":"2025-07-24T11:39:30+00:00","og_image":[{"width":1200,"height":800,"url":"https:\/\/bulgaria-estate.com\/wp-content\/uploads\/2023\/02\/bulgaria-estate.jpg","type":"image\/jpeg"}],"twitter_card":"summary_large_image","twitter_misc":{"Gesch\u00e4tzte Lesezeit":"1\u00a0Minute"},"schema":{"@context":"https:\/\/schema.org","@graph":[{"@type":"WebPage","@id":"https:\/\/bulgaria-estate.com\/agents\/","url":"https:\/\/bulgaria-estate.com\/agents\/","name":"Makler \" Bulgaria-Estate.com","isPartOf":{"@id":"https:\/\/bulgaria-estate.com\/#website"},"datePublished":"2016-02-15T20:43:13+00:00","dateModified":"2025-07-24T11:39:30+00:00","description":"Professionelle Immobilienmakler. Sie k\u00f6nnen einen vertrauensw\u00fcrdigen Makler w\u00e4hlen, der f\u00fcr Sie das profitabelste Gesch\u00e4ft arrangiert und aushandelt.","breadcrumb":{"@id":"https:\/\/bulgaria-estate.com\/agents\/#breadcrumb"},"inLanguage":"de","potentialAction":[{"@type":"ReadAction","target":["https:\/\/bulgaria-estate.com\/agents\/"]}]},{"@type":"BreadcrumbList","@id":"https:\/\/bulgaria-estate.com\/agents\/#breadcrumb","itemListElement":[{"@type":"ListItem","position":1,"name":"\u041d\u0430\u0447\u0430\u043b\u043e","item":"https:\/\/bulgaria-estate.com\/"},{"@type":"ListItem","position":2,"name":"\u0410\u0433\u0435\u043d\u0442\u0438"}]},{"@type":"WebSite","@id":"https:\/\/bulgaria-estate.com\/#website","url":"https:\/\/bulgaria-estate.com\/","name":"Bulgarien-Immobilien.de","description":"Immobilien zum Verkauf und zur Miete in Varna und der Region. Wohnungen, Appartements, H\u00e4user, B\u00fcros, Gesch\u00e4fte, Restaurants, Geb\u00e4ude, Neubauten, Einzimmer-, Zweizimmer-, Mehrzimmerwohnungen, Grundst\u00fccke.","publisher":{"@id":"https:\/\/bulgaria-estate.com\/#organization"},"potentialAction":[{"@type":"SearchAction","target":{"@type":"EntryPoint","urlTemplate":"https:\/\/bulgaria-estate.com\/?s={search_term_string}"},"query-input":{"@type":"PropertyValueSpecification","valueRequired":true,"valueName":"search_term_string"}}],"inLanguage":"de"},{"@type":"Organization","@id":"https:\/\/bulgaria-estate.com\/#organization","name":"JORDAN BILL LTD","url":"https:\/\/bulgaria-estate.com\/","logo":{"@type":"ImageObject","inLanguage":"de","@id":"https:\/\/bulgaria-estate.com\/#\/schema\/logo\/image\/","url":"https:\/\/bulgaria-estate.com\/wp-content\/uploads\/2023\/03\/facebooklogosquare-e1678743877229.png","contentUrl":"https:\/\/bulgaria-estate.com\/wp-content\/uploads\/2023\/03\/facebooklogosquare-e1678743877229.png","width":362,"height":382,"caption":"\u0414\u0416\u041e\u0420\u0414\u0410\u041d \u0411\u0418\u041b\u0414 \u0415\u041e\u041e\u0414"},"image":{"@id":"https:\/\/bulgaria-estate.com\/#\/schema\/logo\/image\/"},"sameAs":["https:\/\/www.facebook.com\/jordanbulgariaestate\/"]}]}},"_links":{"self":[{"href":"https:\/\/bulgaria-estate.com\/de\/wp-json\/wp\/v2\/pages\/192","targetHints":{"allow":["GET"]}}],"collection":[{"href":"https:\/\/bulgaria-estate.com\/de\/wp-json\/wp\/v2\/pages"}],"about":[{"href":"https:\/\/bulgaria-estate.com\/de\/wp-json\/wp\/v2\/types\/page"}],"author":[{"embeddable":true,"href":"https:\/\/bulgaria-estate.com\/de\/wp-json\/wp\/v2\/users\/1"}],"replies":[{"embeddable":true,"href":"https:\/\/bulgaria-estate.com\/de\/wp-json\/wp\/v2\/comments?post=192"}],"version-history":[{"count":34,"href":"https:\/\/bulgaria-estate.com\/de\/wp-json\/wp\/v2\/pages\/192\/revisions"}],"predecessor-version":[{"id":51786,"href":"https:\/\/bulgaria-estate.com\/de\/wp-json\/wp\/v2\/pages\/192\/revisions\/51786"}],"wp:attachment":[{"href":"https:\/\/bulgaria-estate.com\/de\/wp-json\/wp\/v2\/media?parent=192"}],"curies":[{"name":"wp","href":"https:\/\/api.w.org\/{rel}","templated":true}]}}